{"id":65,"date":"2021-02-16T11:22:43","date_gmt":"2021-02-16T10:22:43","guid":{"rendered":"https:\/\/www.buntschmuck.de\/wordpress\/?page_id=65"},"modified":"2026-04-14T09:26:03","modified_gmt":"2026-04-14T07:26:03","slug":"marktleben","status":"publish","type":"page","link":"https:\/\/www.buntschmuck.de\/wordpress\/marktleben\/","title":{"rendered":"MarktLeben"},"content":{"rendered":"<p>[et_pb_section fb_built=&#8220;1&#8243; admin_label=&#8220;Header&#8220; _builder_version=&#8220;4.9.0&#8243; use_background_color_gradient=&#8220;on&#8220; background_color_gradient_start=&#8220;#f2f4f3&#8243; background_color_gradient_end=&#8220;rgba(242,244,243,0.35)&#8220; background_color_gradient_direction=&#8220;90deg&#8220; background_color_gradient_overlays_image=&#8220;on&#8220; background_image=&#8220;https:\/\/www.buntschmuck.de\/wordpress\/wp-content\/uploads\/2021\/02\/20200906_081626-scaled.jpg&#8220; custom_padding=&#8220;6%|0px|33px|0px|false|false&#8220;][et_pb_row _builder_version=&#8220;3.25&#8243;][et_pb_column type=&#8220;4_4&#8243; _builder_version=&#8220;3.25&#8243; custom_padding=&#8220;|||&#8220; custom_padding__hover=&#8220;|||&#8220;][et_pb_text _builder_version=&#8220;4.9.0&#8243; text_font=&#8220;Open Sans||||||||&#8220; text_text_color=&#8220;#000000&#8243; text_font_size=&#8220;16px&#8220; text_line_height=&#8220;2em&#8220; header_font=&#8220;Playfair Display SC||||||||&#8220; header_font_size=&#8220;50px&#8220; header_line_height=&#8220;1.5em&#8220; header_6_font=&#8220;||||||||&#8220; text_orientation=&#8220;center&#8220; max_width=&#8220;637px&#8220; max_width_last_edited=&#8220;off|desktop&#8220; module_alignment=&#8220;center&#8220; custom_margin=&#8220;||80px|&#8220; custom_padding=&#8220;|0px||||&#8220; text_font_size_tablet=&#8220;&#8220; text_font_size_phone=&#8220;14px&#8220; text_font_size_last_edited=&#8220;on|desktop&#8220; header_font_size_tablet=&#8220;50px&#8220; header_font_size_phone=&#8220;32px&#8220; header_font_size_last_edited=&#8220;on|phone&#8220;]<\/p>\n<h1>MarktLeben<\/h1>\n<p><span>Ob im Fr\u00fchling bei sprie\u00dfendem Gr\u00fcn, ausschlagenden Blumen und knackigen Tulpen, <\/span><span>im Sommer bei Sonne, W\u00e4rme und lustigem Treiben, \u00a0<\/span><span>im Herbst mit viel Wind und bunten Bl\u00e4ttern, <\/span><span>oder im Winter bei Eisesk\u00e4lte und bunten Lichtern &#8211; <\/span><\/p>\n<p><span>alleswasbuntist von BUNTSCHMUCK<\/span><span>\u00a0ist oft mit dabei&#8230;<\/span><\/p>\n<p>[\/et_pb_text][\/et_pb_column][\/et_pb_row][\/et_pb_section][et_pb_section fb_built=&#8220;1&#8243; admin_label=&#8220;Packages&#8220; module_class=&#8220; et_pb_specialty_fullwidth&#8220; _builder_version=&#8220;3.22&#8243; background_color=&#8220;#f2f4f3&#8243; max_width=&#8220;1080px&#8220; module_alignment=&#8220;center&#8220; inner_width_tablet=&#8220;80%&#8220; inner_width_phone=&#8220;&#8220; inner_width_last_edited=&#8220;on|desktop&#8220; inner_max_width_tablet=&#8220;80%&#8220; inner_max_width_phone=&#8220;&#8220; inner_max_width_last_edited=&#8220;on|desktop&#8220; custom_margin=&#8220;-80px|10%||10%||true&#8220; custom_padding=&#8220;|||&#8220; animation_style=&#8220;zoom&#8220; animation_intensity_zoom=&#8220;5%&#8220; border_width_all=&#8220;20px&#8220; border_color_all=&#8220;#ffffff&#8220; box_shadow_style=&#8220;preset3&#8243; box_shadow_vertical=&#8220;70px&#8220; box_shadow_blur=&#8220;150px&#8220; box_shadow_color=&#8220;rgba(0,0,0,0.2)&#8220; make_fullwidth=&#8220;on&#8220; global_module=&#8220;1022&#8243; saved_tabs=&#8220;all&#8220;][et_pb_row _builder_version=&#8220;4.9.0&#8243; _module_preset=&#8220;default&#8220;][et_pb_column type=&#8220;4_4&#8243; _builder_version=&#8220;4.9.0&#8243; _module_preset=&#8220;default&#8220;][et_pb_text _builder_version=&#8220;4.9.0&#8243; _module_preset=&#8220;default&#8220; text_font=&#8220;Open Sans||||||||&#8220; header_font=&#8220;Playfair Display SC||||||||&#8220; custom_margin=&#8220;||-16px|||&#8220; custom_padding=&#8220;||21px|||&#8220;]<\/p>\n<h1 style=\"text-align: center;\">Termine<\/h1>\n<p>[\/et_pb_text][\/et_pb_column][\/et_pb_row][et_pb_row _builder_version=&#8220;3.25&#8243; custom_margin=&#8220;-51px|auto||auto||&#8220;][et_pb_column type=&#8220;4_4&#8243; _builder_version=&#8220;3.25&#8243; custom_padding=&#8220;|||&#8220; custom_padding__hover=&#8220;|||&#8220;][et_pb_toggle title=&#8220;Samstags | 9-16 Uhr | Nauener Tor Potsdam&#8220; open_toggle_background_color=&#8220;#ffffff&#8220; closed_toggle_background_color=&#8220;#ffffff&#8220; _builder_version=&#8220;4.9.0&#8243; custom_margin=&#8220;||20px|&#8220; animation_style=&#8220;zoom&#8220; animation_intensity_zoom=&#8220;5%&#8220; border_width_all=&#8220;0px&#8220; box_shadow_style=&#8220;preset3&#8243; box_shadow_vertical=&#8220;10px&#8220; box_shadow_blur=&#8220;90px&#8220; box_shadow_color=&#8220;rgba(0,0,0,0.2)&#8220; locked=&#8220;off&#8220;]<\/p>\n<p>KUNST &amp; KULINARISCHES IN POTSDAM\u00a0<\/p>\n<p class=\"p1\"><span class=\"s1\">Hier trifft vielf\u00e4ltig ausgesuchte Kulinarik auf eine kleine Auswahl ausgew\u00e4hlter<br \/>K\u00fcnstler und Kunsthandwerker in gro\u00dfartigem historischem Ambiente.<\/span><\/p>\n<p>In unmittelbarer Nachbarschaft zum Nauener Tor und dem holl\u00e4ndischen Viertel<br \/>ist es nur ein kleiner Spaziergang Schlosspark Sanssouci und lohnt sich daher<br \/>sehr als Ausflugsziel in die Hauptstadt Brandenburgs.<\/p>\n<p><strong>Jeden Samstag von 9-16 Uhr<\/strong><\/p>\n<p>ACHTUNG!<br \/>Ausnahmen bei Wetterwidrigkeiten, Termin\u00fcberschneidungen mit anderem Marktleben oder bei besonderen Ereignissen werden hier bekannt gegeben.\u00a0<\/p>\n<p>[\/et_pb_toggle][et_pb_toggle title=&#8220;09.+10.05.2026 | 11-18 Uhr | Frohnau | Garten Lust&#038;Kunst Genuss&#8220; open_toggle_background_color=&#8220;#ffffff&#8220; closed_toggle_background_color=&#8220;#ffffff&#8220; _builder_version=&#8220;4.9.0&#8243; custom_margin=&#8220;||20px|&#8220; animation_style=&#8220;zoom&#8220; animation_intensity_zoom=&#8220;5%&#8220; border_width_all=&#8220;0px&#8220; box_shadow_style=&#8220;preset3&#8243; box_shadow_vertical=&#8220;10px&#8220; box_shadow_blur=&#8220;90px&#8220; box_shadow_color=&#8220;rgba(0,0,0,0.2)&#8220; locked=&#8220;off&#8220;]<\/p>\n<p><span>Garten Lust&amp;Kunst Genuss<span class=\"Apple-converted-space\">\u00a0<\/span><\/span><\/p>\n<p><span>9. und 10. Mai 2026<\/span><\/p>\n<p><span>11-18 Uhr<\/span><\/p>\n<p><span>Gro\u00dfer Kunsthandwerker- und Staudenmarkt in der Gartenstadt Frohnau.<span class=\"Apple-converted-space\">\u00a0<\/span><\/span><\/p>\n<p><span>Ein wunderbarer Anlass f\u00fcr einen Ausflug in den Norden Berlins.<span class=\"Apple-converted-space\">\u00a0<\/span><\/span><\/p>\n<p><span>S-Bahnhof Frohnau,\u00a0\u00a013467 Berlin<\/span><\/p>\n<p>&nbsp;<\/p>\n<p>[\/et_pb_toggle][et_pb_toggle title=&#8220;06.+07.06.2026 | 11-18 Uhr | BERLINER KUNSTALLEE&#8220; open_toggle_background_color=&#8220;#ffffff&#8220; closed_toggle_background_color=&#8220;#ffffff&#8220; _builder_version=&#8220;4.9.0&#8243; custom_margin=&#8220;||20px|&#8220; animation_style=&#8220;zoom&#8220; animation_intensity_zoom=&#8220;5%&#8220; hover_enabled=&#8220;0&#8243; border_width_all=&#8220;0px&#8220; box_shadow_style=&#8220;preset3&#8243; box_shadow_vertical=&#8220;10px&#8220; box_shadow_blur=&#8220;90px&#8220; box_shadow_color=&#8220;rgba(0,0,0,0.2)&#8220; locked=&#8220;off&#8220; sticky_enabled=&#8220;0&#8243;]<\/p>\n<p><span data-teams=\"true\">BERLINER KUNSTALLEE<\/span><\/p>\n<p class=\"p1\"><span data-teams=\"true\">6. und 7. Juni 2026\u00a0 \u00a0 \u00a0 11- 18 Uhr<\/p>\n<p> Eine Magistrale f\u00fcr Kunst, Design und Kunsthandwerk.<\/p>\n<p> Der Mittelstreifen der Schlossstra\u00dfe verwandelt sich in eine Open-Air-Galerie in historischer Atmosph\u00e4re.<\/p>\n<p> Schlossstra\u00dfe, 14059 Berlin<\/span><\/p>\n<p>[\/et_pb_toggle][et_pb_toggle title=&#8220;Weitere Termine in Planung&#8220; open_toggle_background_color=&#8220;#ffffff&#8220; closed_toggle_background_color=&#8220;#ffffff&#8220; _builder_version=&#8220;4.9.0&#8243; custom_margin=&#8220;||20px|&#8220; animation_style=&#8220;zoom&#8220; animation_intensity_zoom=&#8220;5%&#8220; hover_enabled=&#8220;0&#8243; border_width_all=&#8220;0px&#8220; box_shadow_style=&#8220;preset3&#8243; box_shadow_vertical=&#8220;10px&#8220; box_shadow_blur=&#8220;90px&#8220; box_shadow_color=&#8220;rgba(0,0,0,0.2)&#8220; locked=&#8220;off&#8220; sticky_enabled=&#8220;0&#8243;]<\/p>\n<p><span>Die BUNTSCHMUCK Planung ist im vollen Gange. Viele Termine f\u00fcr das Marktleben sind geplant und werden nat\u00fcrlich sofort bekannt gegeben, wenn sie best\u00e4tigt sind.<\/span><\/p>\n<p>[\/et_pb_toggle][\/et_pb_column][\/et_pb_row][\/et_pb_section][et_pb_section fb_built=&#8220;1&#8243; admin_label=&#8220;Gallery&#8220; _builder_version=&#8220;3.22&#8243; custom_padding=&#8220;47.875px|0|47.875px|0px|false|false&#8220;][et_pb_row _builder_version=&#8220;3.25&#8243;][et_pb_column type=&#8220;4_4&#8243; _builder_version=&#8220;3.25&#8243; custom_padding=&#8220;|||&#8220; custom_padding__hover=&#8220;|||&#8220;][et_pb_text _builder_version=&#8220;3.27.4&#8243; text_font=&#8220;||||||||&#8220; header_font=&#8220;||||||||&#8220; header_2_font=&#8220;Playfair Display SC||||||||&#8220; header_2_font_size=&#8220;45px&#8220; header_2_line_height=&#8220;1.5em&#8220; header_6_font=&#8220;||||||||&#8220; text_orientation=&#8220;center&#8220; max_width_last_edited=&#8220;off|desktop&#8220; module_alignment=&#8220;center&#8220; custom_margin=&#8220;|||&#8220; custom_padding=&#8220;|||&#8220; header_2_font_size_tablet=&#8220;40px&#8220; header_2_font_size_phone=&#8220;28px&#8220; header_2_font_size_last_edited=&#8220;on|phone&#8220;]<\/p>\n<h2>Weitere Eindr\u00fccke<\/h2>\n<p>[\/et_pb_text][\/et_pb_column][\/et_pb_row][et_pb_row column_structure=&#8220;1_3,1_3,1_3&#8243; use_custom_gutter=&#8220;on&#8220; gutter_width=&#8220;2&#8243; _builder_version=&#8220;3.25&#8243; use_custom_width=&#8220;on&#8220;][et_pb_column type=&#8220;1_3&#8243; _builder_version=&#8220;3.25&#8243; custom_padding=&#8220;|||&#8220; custom_padding__hover=&#8220;|||&#8220;][et_pb_image src=&#8220;https:\/\/www.buntschmuck.de\/wordpress\/wp-content\/uploads\/2024\/10\/IMG_B43C507CAD56-1.jpeg&#8220; title_text=&#8220;IMG_B43C507CAD56-1&#8243; force_fullwidth=&#8220;on&#8220; align_tablet=&#8220;center&#8220; align_phone=&#8220;&#8220; align_last_edited=&#8220;on|desktop&#8220; _builder_version=&#8220;4.9.0&#8243; animation_style=&#8220;zoom&#8220; animation_intensity_zoom=&#8220;5%&#8220; border_width_all=&#8220;24px&#8220; border_color_all=&#8220;#ffffff&#8220; box_shadow_style=&#8220;preset3&#8243; box_shadow_vertical=&#8220;70px&#8220; box_shadow_blur=&#8220;150px&#8220; box_shadow_color=&#8220;rgba(0,0,0,0.2)&#8220;]&nbsp;<br \/>\n[\/et_pb_image][\/et_pb_column][et_pb_column type=&#8220;1_3&#8243; _builder_version=&#8220;3.25&#8243; custom_padding=&#8220;|||&#8220; custom_padding__hover=&#8220;|||&#8220;][et_pb_image src=&#8220;https:\/\/www.buntschmuck.de\/wordpress\/wp-content\/uploads\/2024\/10\/IMG_6B8840058801-1.jpeg&#8220; title_text=&#8220;IMG_6B8840058801-1&#8243; _builder_version=&#8220;4.9.0&#8243; _module_preset=&#8220;default&#8220;][\/et_pb_image][\/et_pb_column][et_pb_column type=&#8220;1_3&#8243; _builder_version=&#8220;3.25&#8243; custom_padding=&#8220;|||&#8220; custom_padding__hover=&#8220;|||&#8220;][et_pb_image src=&#8220;https:\/\/www.buntschmuck.de\/wordpress\/wp-content\/uploads\/2021\/02\/20200920_153151-scaled.jpg&#8220; title_text=&#8220;20200920_153151&#8243; force_fullwidth=&#8220;on&#8220; align_tablet=&#8220;center&#8220; align_phone=&#8220;&#8220; align_last_edited=&#8220;on|desktop&#8220; _builder_version=&#8220;4.9.0&#8243; custom_margin=&#8220;24px|24px|24px|24px|true|true&#8220;]&nbsp;<br \/>\n[\/et_pb_image][et_pb_image src=&#8220;https:\/\/www.buntschmuck.de\/wordpress\/wp-content\/uploads\/2021\/02\/IMG_0868.jpg&#8220; title_text=&#8220;IMG_0868&#8243; force_fullwidth=&#8220;on&#8220; align_tablet=&#8220;center&#8220; align_phone=&#8220;&#8220; align_last_edited=&#8220;on|desktop&#8220; _builder_version=&#8220;4.9.0&#8243; animation_style=&#8220;zoom&#8220; animation_intensity_zoom=&#8220;5%&#8220; border_width_all=&#8220;24px&#8220; border_color_all=&#8220;#ffffff&#8220; box_shadow_style=&#8220;preset3&#8243; box_shadow_vertical=&#8220;70px&#8220; box_shadow_blur=&#8220;150px&#8220; box_shadow_color=&#8220;rgba(0,0,0,0.2)&#8220;]&nbsp;<br \/>\n[\/et_pb_image][\/et_pb_column][\/et_pb_row][\/et_pb_section][et_pb_section fb_built=&#8220;1&#8243; admin_label=&#8220;Newsletter&#8220; _builder_version=&#8220;4.9.0&#8243; background_color=&#8220;#FFFFFF&#8220; background_color_gradient_direction=&#8220;90deg&#8220; custom_margin=&#8220;76px|||||&#8220; custom_margin_tablet=&#8220;0px|||&#8220; custom_margin_phone=&#8220;0px||-115px|||&#8220; custom_margin_last_edited=&#8220;on|phone&#8220; custom_padding=&#8220;||152px||false|false&#8220; box_shadow_style=&#8220;preset7&#8243; box_shadow_horizontal=&#8220;1240px&#8220; box_shadow_vertical=&#8220;0px&#8220; box_shadow_color=&#8220;#e4edea&#8220; global_module=&#8220;47&#8243; saved_tabs=&#8220;all&#8220;][et_pb_row column_structure=&#8220;1_2,1_2&#8243; _builder_version=&#8220;4.9.0&#8243; custom_margin=&#8220;|auto|-123px|auto|false|false&#8220; custom_margin_tablet=&#8220;&#8220; custom_margin_phone=&#8220;&#8220; custom_margin_last_edited=&#8220;on|desktop&#8220; custom_padding=&#8220;||0px||false|false&#8220;][et_pb_column type=&#8220;1_2&#8243; _builder_version=&#8220;3.25&#8243; custom_padding=&#8220;|||&#8220; custom_padding_tablet=&#8220;|40px||&#8220; custom_padding_phone=&#8220;|||&#8220; custom_padding_last_edited=&#8220;on|desktop&#8220; custom_padding__hover=&#8220;|||&#8220;][et_pb_text _builder_version=&#8220;4.9.0&#8243; _module_preset=&#8220;default&#8220; header_font=&#8220;Playfair Display SC||||||||&#8220; header_font_size=&#8220;40px&#8220; custom_margin=&#8220;||-18px|||&#8220; header_font_size_tablet=&#8220;&#8220; header_font_size_phone=&#8220;30px&#8220; header_font_size_last_edited=&#8220;on|phone&#8220;]<\/p>\n<h1>Newsletter abonnieren<\/h1>\n<p><span><\/span><\/p>\n<p><span>Interesse an BUNTSCHMUCK Neuigkeiten?\u00a0<\/span><span> <\/span><br \/> <span>Hier geht&#8217;s zum Newsletter:<\/span><\/p>\n<p>[\/et_pb_text][et_pb_code _builder_version=&#8220;4.9.0&#8243; _module_preset=&#8220;default&#8220;]             <section class=\"widget widget_newsletter2go\">\n                    <div class=\"nl2go-widget\"><script id=\"69e239bb22a23\">\n    !function (e, t, n, c, r, a, i) {\n        e.Newsletter2GoTrackingObject = r, e[r] = e[r] || function () {\n                (e[r].q = e[r].q || []).push(arguments)\n            }, e[r].l = 1 * new Date, a = t.createElement(n), i = t.getElementsByTagName(n)[0], a.async = 1, a.src = c, i.parentNode.insertBefore(a, i)\n    }(window, document, \"script\", \"https:\/\/static.newsletter2go.com\/utils.js\", \"n2g\");\n    n2g(\"create\", \"ye9nbe1f-3le8ci2b-1u9\");\n    n2g('subscribe:createForm', {\r\n  \"form\": {\r\n    \"class\": \"\",\r\n    \"style\": \"\"\r\n  },\r\n  \"container\": {\r\n    \"type\": \"div\",\r\n    \"class\": \"\",\r\n    \"style\": \"width: 100%;\"\r\n  },\r\n  \"row\": {\r\n    \"type\": \"div\",\r\n    \"class\": \"\",\r\n    \"style\": \"\"\r\n  },\r\n  \"columnLeft\": {\r\n    \"type\": \"div\",\r\n    \"class\": \"\",\r\n    \"style\": \"width: 0%; padding: 10px 5px; display: inline-block;\"\r\n  },\r\n  \"columnRight\": {\r\n    \"type\": \"div\",\r\n    \"class\": \"\",\r\n    \"style\": \" width: 100%; display: inline-block;\"\r\n  },\r\n  \"checkbox\": {\r\n    \"type\": \"input\",\r\n    \"class\": \"\",\r\n    \"style\": \"\"\r\n  },\r\n  \"separator\": {\r\n    \"type\": \"br\",\r\n    \"class\": \"\",\r\n    \"style\": \"\"\r\n  },\r\n  \"input\": {\r\n    \"class\": \"\",\r\n    \"style\": \"padding: 10px 100px; border-radius: 2px; border: 1px solid #d8dee4;\"\r\n  },\r\n  \"dropdown\": {\r\n    \"type\": \"select\",\r\n    \"class\": \"\",\r\n    \"style\": \"padding: 3px 5px; border-radius: 2px; border: 1px solid #d8dee4;\"\r\n  },\r\n  \"button\": {\r\n    \"type\": \"button\",\r\n    \"class\": \"\",\r\n    \"id\": \"\",\r\n    \"style\": \"background-color:#b6cece; border: none; border-radius: 4px; padding: 10px 20px; color: #ffffff; margin-top: 20px; cursor: pointer;\"\r\n  },\r\n  \"label\": {\r\n    \"type\": \"label\",\r\n    \"class\": \"\",\r\n    \"style\": \"padding-left: 5px; display: inline-block;\"\r\n  },\r\n  \"loader\": {\r\n    \"type\": \"img\",\r\n    \"src\": \"\/\/www.newsletter2go.com\/images\/loader.svg\",\r\n    \"class\": \"\",\r\n    \"style\": \"margin: auto; display:block;\"\r\n  },\r\n  \"message\": {\r\n    \"type\": \"h2\",\r\n    \"class\": \"\",\r\n    \"id\": \"\",\r\n    \"style\": \"text-align: center;\"\r\n  }\r\n},\"69e239bb22a23\");\n<\/script><\/div>\n            <\/section>[\/et_pb_code][et_pb_code _builder_version=&#8220;4.9.0&#8243; _module_preset=&#8220;default&#8220;][\/et_pb_code][\/et_pb_column][et_pb_column type=&#8220;1_2&#8243; _builder_version=&#8220;3.25&#8243; custom_padding=&#8220;|||&#8220; custom_padding__hover=&#8220;|||&#8220;][et_pb_image src=&#8220;https:\/\/www.buntschmuck.de\/wordpress\/wp-content\/uploads\/2024\/06\/IMG_1017.png&#8220; title_text=&#8220;IMG_1017&#8243; align_tablet=&#8220;center&#8220; align_phone=&#8220;&#8220; align_last_edited=&#8220;on|desktop&#8220; _builder_version=&#8220;4.9.0&#8243; custom_margin=&#8220;-130px|-20%||&#8220; custom_margin_tablet=&#8220;0px|30%||&#8220; custom_margin_phone=&#8220;0px|-0.4%||||&#8220; custom_margin_last_edited=&#8220;on|phone&#8220; custom_padding=&#8220;||4px|||&#8220;][\/et_pb_image][\/et_pb_column][\/et_pb_row][\/et_pb_section][et_pb_section fb_built=&#8220;1&#8243; _builder_version=&#8220;4.9.0&#8243; _module_preset=&#8220;default&#8220; min_height=&#8220;317.7px&#8220; custom_padding=&#8220;63px||56px||false|false&#8220; global_module=&#8220;46&#8243; saved_tabs=&#8220;all&#8220;][et_pb_row column_structure=&#8220;1_3,1_3,1_3&#8243; _builder_version=&#8220;4.9.0&#8243; _module_preset=&#8220;default&#8220; custom_margin=&#8220;31px||||false|false&#8220; custom_margin_tablet=&#8220;&#8220; custom_margin_phone=&#8220;&#8220; custom_margin_last_edited=&#8220;on|desktop&#8220; custom_padding=&#8220;0px||0px|||&#8220;][et_pb_column type=&#8220;1_3&#8243; _builder_version=&#8220;4.9.0&#8243; _module_preset=&#8220;default&#8220;][\/et_pb_column][et_pb_column type=&#8220;1_3&#8243; _builder_version=&#8220;4.9.0&#8243; _module_preset=&#8220;default&#8220;][et_pb_image src=&#8220;https:\/\/www.buntschmuck.de\/wordpress\/wp-content\/uploads\/2024\/06\/IMG_1013.jpeg&#8220; title_text=&#8220;Unbenanntes Projekt&#8220; _builder_version=&#8220;4.9.0&#8243; _module_preset=&#8220;default&#8220; width=&#8220;82%&#8220; module_alignment=&#8220;center&#8220; custom_margin=&#8220;||0px||false|false&#8220; custom_padding=&#8220;|28px|0px|24px||&#8220; custom_padding_tablet=&#8220;|95px||95px|false|true&#8220; custom_padding_phone=&#8220;|24px|17px|24px|false|true&#8220; custom_padding_last_edited=&#8220;on|phone&#8220;][\/et_pb_image][et_pb_text _builder_version=&#8220;4.9.0&#8243; _module_preset=&#8220;default&#8220; text_font=&#8220;Open Sans||||||||&#8220;]<\/p>\n<p style=\"text-align: center;\"><a href=\"https:\/\/www.buntschmuck.de\/wordpress\/kontakt\">KONTAKT<\/a> | <a href=\"https:\/\/www.buntschmuck.de\/wordpress\/datenschutz\" title=\"Datenschutz\">DATENSCHUTZ<\/a> | <a href=\"https:\/\/www.buntschmuck.de\/wordpress\/impressum\" title=\"Impressum\">IMPRESSUM<\/a><\/p>\n<p>[\/et_pb_text][et_pb_social_media_follow use_icon_font_size=&#8220;on&#8220; icon_font_size=&#8220;21px&#8220; _builder_version=&#8220;4.9.0&#8243; _module_preset=&#8220;default&#8220; text_orientation=&#8220;center&#8220;][et_pb_social_media_follow_network social_network=&#8220;facebook&#8220; url=&#8220;https:\/\/www.facebook.com\/Buntschmuck-Der-Herstellergl\u00fcckladen-1382787495332740&#8243; _builder_version=&#8220;4.9.0&#8243; _module_preset=&#8220;default&#8220; background_color=&#8220;#B6CECE&#8220; background_enable_color=&#8220;on&#8220; follow_button=&#8220;off&#8220; url_new_window=&#8220;on&#8220;]facebook[\/et_pb_social_media_follow_network][et_pb_social_media_follow_network social_network=&#8220;instagram&#8220; url=&#8220;https:\/\/www.instagram.com\/buntschmuck\/?igshid=d2uklwwvpjyy&#8220; _builder_version=&#8220;4.9.0&#8243; _module_preset=&#8220;default&#8220; background_color=&#8220;#B6CECE&#8220; background_enable_color=&#8220;on&#8220; follow_button=&#8220;off&#8220; url_new_window=&#8220;on&#8220;]instagram[\/et_pb_social_media_follow_network][\/et_pb_social_media_follow][\/et_pb_column][et_pb_column type=&#8220;1_3&#8243; _builder_version=&#8220;4.9.0&#8243; _module_preset=&#8220;default&#8220;][\/et_pb_column][\/et_pb_row][\/et_pb_section]<\/p>\n","protected":false},"excerpt":{"rendered":"<p>[et_pb_section fb_built=&#8220;1&#8243; admin_label=&#8220;Header&#8220; _builder_version=&#8220;4.9.0&#8243; use_background_color_gradient=&#8220;on&#8220; background_color_gradient_start=&#8220;#f2f4f3&#8243; background_color_gradient_end=&#8220;rgba(242,244,243,0.35)&#8220; background_color_gradient_direction=&#8220;90deg&#8220; background_color_gradient_overlays_image=&#8220;on&#8220; background_image=&#8220;https:\/\/www.buntschmuck.de\/wordpress\/wp-content\/uploads\/2021\/02\/20200906_081626-scaled.jpg&#8220; custom_padding=&#8220;6%|0px|33px|0px|false|false&#8220;][et_pb_row _builder_version=&#8220;3.25&#8243;][et_pb_column type=&#8220;4_4&#8243; _builder_version=&#8220;3.25&#8243; custom_padding=&#8220;|||&#8220; custom_padding__hover=&#8220;|||&#8220;][et_pb_text _builder_version=&#8220;4.9.0&#8243; text_font=&#8220;Open Sans||||||||&#8220; text_text_color=&#8220;#000000&#8243; text_font_size=&#8220;16px&#8220; text_line_height=&#8220;2em&#8220; header_font=&#8220;Playfair Display SC||||||||&#8220; header_font_size=&#8220;50px&#8220; header_line_height=&#8220;1.5em&#8220; header_6_font=&#8220;||||||||&#8220; text_orientation=&#8220;center&#8220; max_width=&#8220;637px&#8220; max_width_last_edited=&#8220;off|desktop&#8220; module_alignment=&#8220;center&#8220; custom_margin=&#8220;||80px|&#8220; custom_padding=&#8220;|0px||||&#8220; text_font_size_tablet=&#8220;&#8220; text_font_size_phone=&#8220;14px&#8220; text_font_size_last_edited=&#8220;on|desktop&#8220; header_font_size_tablet=&#8220;50px&#8220; header_font_size_phone=&#8220;32px&#8220; header_font_size_last_edited=&#8220;on|phone&#8220;] MarktLeben Ob im Fr\u00fchling bei sprie\u00dfendem Gr\u00fcn, ausschlagenden Blumen und knackigen Tulpen, im Sommer bei [&hellip;]<\/p>\n","protected":false},"author":1,"featured_media":0,"parent":0,"menu_order":0,"comment_status":"closed","ping_status":"closed","template":"","meta":{"_et_pb_use_builder":"on","_et_pb_old_content":"<!-- wp:divi\/placeholder \/-->","_et_gb_content_width":"","footnotes":""},"class_list":["post-65","page","type-page","status-publish","hentry"],"_links":{"self":[{"href":"https:\/\/www.buntschmuck.de\/wordpress\/wp-json\/wp\/v2\/pages\/65","targetHints":{"allow":["GET"]}}],"collection":[{"href":"https:\/\/www.buntschmuck.de\/wordpress\/wp-json\/wp\/v2\/pages"}],"about":[{"href":"https:\/\/www.buntschmuck.de\/wordpress\/wp-json\/wp\/v2\/types\/page"}],"author":[{"embeddable":true,"href":"https:\/\/www.buntschmuck.de\/wordpress\/wp-json\/wp\/v2\/users\/1"}],"replies":[{"embeddable":true,"href":"https:\/\/www.buntschmuck.de\/wordpress\/wp-json\/wp\/v2\/comments?post=65"}],"version-history":[{"count":64,"href":"https:\/\/www.buntschmuck.de\/wordpress\/wp-json\/wp\/v2\/pages\/65\/revisions"}],"predecessor-version":[{"id":2935,"href":"https:\/\/www.buntschmuck.de\/wordpress\/wp-json\/wp\/v2\/pages\/65\/revisions\/2935"}],"wp:attachment":[{"href":"https:\/\/www.buntschmuck.de\/wordpress\/wp-json\/wp\/v2\/media?parent=65"}],"curies":[{"name":"wp","href":"https:\/\/api.w.org\/{rel}","templated":true}]}}